{"id":5,"date":"2012-09-25T23:47:52","date_gmt":"2012-09-25T21:47:52","guid":{"rendered":"http:\/\/www.rudolfmartin.de\/wordpressORMFP\/?page_id=5"},"modified":"2021-06-25T03:19:51","modified_gmt":"2021-06-25T01:19:51","slug":"dies-ist-eine-testseite","status":"publish","type":"page","link":"http:\/\/www.rudolfmartin.de\/?page_id=5","title":{"rendered":"Biografie (de)"},"content":{"rendered":"<p style=\"text-align: justify;\">Rudolf Martin wurde am 31. Juli 1967 in Berlin-Schlachtensee geboren, wo seine Mutter in einer Apotheke arbeitete. Sein Vater beendete sein Studium, bevor er als Journalist zum Fernsehen ging. Nach der Scheidung der Eltern 2 Jahre nach Rudolfs Geburt schulte seine Mutter als Gymnasiallehrerin um und zog Christine und Rudolf alleine gro\u00df. Seine Schwester Christine ver\u00fcbte schon im Alter von 2 Jahren einen niedertr\u00e4chtigen Attentatsversuch auf Rudolf, erkannte aber bald die Hoffnungslosigkeit ihrer Absicht und rettete ihren Bruder wenig sp\u00e4ter in dramatischer Weise vor dem Ertrinken in einem Gartenteich. Nun musste sich Rudolf mit viel Geschick in einem Haushalt mit 2 Frauen durchsetzen, wobei er sehr fr\u00fch sein Feingef\u00fchl f\u00fcr brenzlige Situationen entwickelte. Er interessierte sich in jungen Jahren sehr f\u00fcr Fu\u00dfball und sp\u00e4ter f\u00fcr Musik, Literatur und Theater. Ein Besuch nach England mit einer Sprachschule vertiefte sein Interesse an der englischen Sprache.<\/p>\n<p style=\"text-align: justify;\">Nach seinem Abitur in Berlin zog Rudolf 1986 los, die Welt zu erkundschaften. Er lebte bis 1990 haupts\u00e4chlich in Paris, lernte dort Franz\u00f6sisch, brach 2 Studiumsversuche f\u00fcr Anglizistik und Theaterwissenschaften ab und studierte dann ab 1990 an der renommierten Lee Strasberg Schauspielschule in New York. Ab 1993 stellte ihn in New York eine Fernsehserie f\u00fcr 2 Jahre unter Vertrag, danach spielte er ein Jahr lang Theater. Im Jahr 1998 zog Rudolf per Auto nach Los Angeles, wo er bis heute mit seinem Hund \u201eComet\u201c (ein schwarzer Chihuahua) sein Hauptquartier bezieht und als erfolgreicher Schauspieler oft in Film und Fernsehen zu sehen ist.<\/p>\n<p style=\"text-align: justify;\">W\u00e4hrend Rudolf in New York in kleinen Theater Produktionen auftrat, war ihm eine Hauptrolle in Susan Seidelmans Oscar nominiertem Kurzfilm \u201eThe Dutch Master \/ Der fl\u00e4mische Meister\u201c sicher. F\u00fchrende Rollen in ABCs \u201eAll my Children\u201c und in Nicky Silvers kritisch gefeierte Off-Broadway Kom\u00f6die \u201eThe Food Chain\u201c folgten. Anerkennung bekam Rudolf in seiner New Yorker Zeit f\u00fcr seine Arbeit in Independent Filmen wie \u201eFall\u201c, \u201eHigh Art\u201c (Sundance 1998) und \u201eWhen.\u201c<\/p>\n<p style=\"text-align: justify;\">Zunehmend gefragter zog der engagierte junge Schauspieler nach Hollywood um und erschien seitdem in der 20th Century Fox Kom\u00f6die \u201eBedazzled\/Teuflisch\u201c von Regisseur Harold Ramis, in Patrik Ian Polks Kom\u00f6die \u201ePunks\u201c (Edmonds Entertainment), welche f\u00fcr den \u201eIndependent Spirit Award\u201c nominiert war, wie auch in dem Independent Film \u201eThe Scoundrel&#8217;s Wife\u201c (in den Hauptrollen Tatum O&#8217;Neal, Tim Curry und Julian Sands).<\/p>\n<p style=\"text-align: justify;\">Nach seinem Umzug nach Los Angeles 1999 zog Rudolf gro\u00dfe Aufmerksamkeit durch seine Rolle in dem Warner Brothers Thriller \u201e(Passwort) Swordfish\u201c auf sich. In diesem Film spielt Rudolf \u201eAxl Torvalds\u201c, einen international ber\u00fchmten Computer Hacker. Aufgrund dieser Rolle bot man Rudolf die Rolle in dem deutschen Thriller \u201eLautlos\u201c von dem Produzenten Tom Tykwer (\u201eLola rennt\u201c) unter der Regie von Mennan Yapo an.<\/p>\n<p style=\"text-align: justify;\">Vor \u201eSwordfish\u201c war \u201d Rudolf haupts\u00e4chlich durch seine Rolle in der Showtime Serie \u201eBeggars &amp; Choosers\u201c bekannt , die einen Einblick in die Arbeit eines erfundenen Fernsehsenders bot. Rudolf spielt darin \u201eNikolai Krasnakov\u201c einen charmanten, aber auch gef\u00e4hrlichen russischen Gangster, dessen Leben als Mini-Serie f\u00fcr diesen fiktiven Fernsehsender verfilmt wird. \u201eKrasnakov\u201c war so erfolgreich, dass Rudolf f\u00fcr 2 Staffeln verpflichtet wurde. Die L.A. Times betitelte \u201eBeggars &amp; Choosers\u201c als eine der f\u00fcnf besten Fernsehshows.<\/p>\n<p style=\"text-align: justify;\">In einer g\u00e4nzlich anderen Rolle erhielt Rudolf Beifall f\u00fcr seine einzigartige Darstellung des Hauptcharakters \u201eVlad Dracula\u201c in dem USA Film \u201eDark Prince (The True Story of Dracula) \/ F\u00fcrst der Finsternis \u2013 Die wahre Geschichte Draculas\u201c. Dieser Film wurde 2000 an authentischen Orten in Rum\u00e4nien gedreht und zeigt die Geschichte von \u201eVlad, dem Pf\u00e4hler\u201c (1431 \u2013 1476), welcher sp\u00e4ter als Vorlage f\u00fcr den fiktiven Vampir diente. Aufgrund dieser Rolle spielte Rudolf schlie\u00dflich die Gaststarrolle als \u201eDracula\u201c, dieses Mal wirklich als der Vampir, in der letzten Staffelpremiere der WBs Serie \u201eBuffy \u2013 Die Vampirj\u00e4gerin\u201c (Buffy vs. Dracula), erneut an der Seite seiner vormaligen \u201eAll my Children\u201c Filmpartnerin Sarah Michelle Gellar. In der Fox Thriller Serie \u201e24\u201c, mit Kiefer Sutherland in der Hauptrolle, spielte Rudolf in 5 Episoden 2 verschiedene Charaktere, in der ein Charakter den anderen darstellt.<\/p>\n<p style=\"text-align: justify;\">Weiter zu erw\u00e4hnende Gastrollen w\u00e4ren seine Auftritte in \u201eJudging Amy \/ F\u00fcr alle F\u00e4lle Amy\u201c (CBS), \u201eCrossing Jordan\u201c (NBC) und in \u201eCSI-Crime Scene Investigation\u201c (CBS) als Serienkiller, motiviert durch die Shakespeare Sonnette, und nat\u00fcrlich in der wiederkehrende Gastrolle \u201eAri Haswari\u201c, Antagonist zu Mark Harmon in der erfolgreichen TV Show \u201eNavy CIS (NCIS)\u201c (CBS).<\/p>\n<p style=\"text-align: justify;\">Rudolf Martins Hauptfokus liegt auf der Arbeit in Filmen, als europ\u00e4ischer Schauspieler sucht er immer wieder auch nach europ\u00e4ischen Produktionen. Seine zweite Hauptrolle hat er in dem Film \u201eBloodlines\u201c (eine US\/Tschechische\/Slowakische Co-Produktion unter Regisseur Oleg Harencar).<\/p>\n<p style=\"text-align: justify;\">Inzwischen sind die Indepentend Filme \u201eRivers End\u201c, gedreht in Texas unter Regisseur Bill Katt, in den Hauptrollen Charles Durning and Barry Corbin und \u201eHoboken Hollow\u201c mit C. Thomas Howell, Dennis Hopper und Michael Madsen wie auch der deutsche Film \u201ePaparazzo\u201c, gedreht in Frankreich und Spanien, und der Kurzfilm \u201eTwo Nights\u201c fertiggestellt. Die Dreharbeiten f\u00fcr \u201eAnomie\u201c, \u201eHyenas\u201c und \u201eSunrise\u201c sind ebenfalls beendet. In &#8222;Moonlight&#8220;, einer CBS Serie, spielt Rudolf die Gaststarrolle \u201eProfessor Christian Ellis\u201c. Zwei weitere Independentfilme namens &#8222;Pig&#8220; und &#8222;Raven&#8220; sind auch inzwischen abgedreht. &#8222;Pig&#8220; ist erfolgreich auf Film Festivals in den USA, aber auch in Europa auf Tour, mit einigen gewonnen Preisen.<\/p>\n<p style=\"text-align: justify;\">Deutsche Produktionen mit Rudolf sind die Filme f\u00fcrs ZDF &#8222;Hei\u00dfe Spur&#8220; (zu den Dreharbeiten war er in Chile), &#8222;Die Jagd nach der heiligen Lanze&#8220; f\u00fcr RTL (diese Dreharbeiten fanden in Deutschland statt) und der Horrorfilm &#8222;B\u00e9la Kiss&#8220; (Drehorte u.a. im Scharzwald), der im Januar 2013 Premiere in deutschen Kinos hatte.<\/p>\n<p style=\"text-align: justify;\">Rudolf lebt zurzeit mit seiner Ehefrau Katherine LaPlant, der gemeinsamen Tochter Eloise und Sohn Arthur in Berlin, Deutschland.<\/p>\n<p style=\"text-align: justify;\">\n","protected":false},"excerpt":{"rendered":"<p>Rudolf Martin wurde am 31. Juli 1967 in Berlin-Schlachtensee geboren, wo seine Mutter in einer Apotheke arbeitete. Sein Vater beendete sein Studium, bevor er als Journalist zum Fernsehen ging. Nach der Scheidung der Eltern 2 Jahre nach Rudolfs Geburt schulte seine Mutter als Gymnasiallehrerin um und zog Christine und Rudolf alleine gro\u00df. Seine Schwester Christine ver\u00fcbte schon im Alter von<\/p>\n","protected":false},"author":1,"featured_media":0,"parent":0,"menu_order":0,"comment_status":"closed","ping_status":"closed","template":"","meta":{"footnotes":""},"yoast_head":"<!-- This site is optimized with the Yoast SEO plugin v23.5 - https:\/\/yoast.com\/wordpress\/plugins\/seo\/ -->\n<title>Biografie (de) - Official Rudolf Martin FanPage<\/title>\n<meta name=\"robots\" content=\"index, follow, max-snippet:-1, max-image-preview:large, max-video-preview:-1\" \/>\n<link rel=\"canonical\" href=\"http:\/\/www.rudolfmartin.de\/?page_id=5\" \/>\n<meta property=\"og:locale\" content=\"de_DE\" \/>\n<meta property=\"og:type\" content=\"article\" \/>\n<meta property=\"og:title\" content=\"Biografie (de) - Official Rudolf Martin FanPage\" \/>\n<meta property=\"og:description\" content=\"Rudolf Martin wurde am 31. Juli 1967 in Berlin-Schlachtensee geboren, wo seine Mutter in einer Apotheke arbeitete. Sein Vater beendete sein Studium, bevor er als Journalist zum Fernsehen ging. Nach der Scheidung der Eltern 2 Jahre nach Rudolfs Geburt schulte seine Mutter als Gymnasiallehrerin um und zog Christine und Rudolf alleine gro\u00df. Seine Schwester Christine ver\u00fcbte schon im Alter von\" \/>\n<meta property=\"og:url\" content=\"http:\/\/www.rudolfmartin.de\/?page_id=5\" \/>\n<meta property=\"og:site_name\" content=\"Official Rudolf Martin FanPage\" \/>\n<meta property=\"article:modified_time\" content=\"2021-06-25T01:19:51+00:00\" \/>\n<meta name=\"twitter:card\" content=\"summary_large_image\" \/>\n<meta name=\"twitter:label1\" content=\"Gesch\u00e4tzte Lesezeit\" \/>\n\t<meta name=\"twitter:data1\" content=\"5\u00a0Minuten\" \/>\n<script type=\"application\/ld+json\" class=\"yoast-schema-graph\">{\"@context\":\"https:\/\/schema.org\",\"@graph\":[{\"@type\":\"WebPage\",\"@id\":\"http:\/\/www.rudolfmartin.de\/?page_id=5\",\"url\":\"http:\/\/www.rudolfmartin.de\/?page_id=5\",\"name\":\"Biografie (de) - Official Rudolf Martin FanPage\",\"isPartOf\":{\"@id\":\"http:\/\/www.rudolfmartin.de\/#website\"},\"datePublished\":\"2012-09-25T21:47:52+00:00\",\"dateModified\":\"2021-06-25T01:19:51+00:00\",\"breadcrumb\":{\"@id\":\"http:\/\/www.rudolfmartin.de\/?page_id=5#breadcrumb\"},\"inLanguage\":\"de\",\"potentialAction\":[{\"@type\":\"ReadAction\",\"target\":[\"http:\/\/www.rudolfmartin.de\/?page_id=5\"]}]},{\"@type\":\"BreadcrumbList\",\"@id\":\"http:\/\/www.rudolfmartin.de\/?page_id=5#breadcrumb\",\"itemListElement\":[{\"@type\":\"ListItem\",\"position\":1,\"name\":\"Startseite\",\"item\":\"http:\/\/www.rudolfmartin.de\/\"},{\"@type\":\"ListItem\",\"position\":2,\"name\":\"Biografie (de)\"}]},{\"@type\":\"WebSite\",\"@id\":\"http:\/\/www.rudolfmartin.de\/#website\",\"url\":\"http:\/\/www.rudolfmartin.de\/\",\"name\":\"Official Rudolf Martin FanPage\",\"description\":\"\",\"potentialAction\":[{\"@type\":\"SearchAction\",\"target\":{\"@type\":\"EntryPoint\",\"urlTemplate\":\"http:\/\/www.rudolfmartin.de\/?s={search_term_string}\"},\"query-input\":{\"@type\":\"PropertyValueSpecification\",\"valueRequired\":true,\"valueName\":\"search_term_string\"}}],\"inLanguage\":\"de\"}]}<\/script>\n<!-- \/ Yoast SEO plugin. -->","yoast_head_json":{"title":"Biografie (de) - Official Rudolf Martin FanPage","robots":{"index":"index","follow":"follow","max-snippet":"max-snippet:-1","max-image-preview":"max-image-preview:large","max-video-preview":"max-video-preview:-1"},"canonical":"http:\/\/www.rudolfmartin.de\/?page_id=5","og_locale":"de_DE","og_type":"article","og_title":"Biografie (de) - Official Rudolf Martin FanPage","og_description":"Rudolf Martin wurde am 31. Juli 1967 in Berlin-Schlachtensee geboren, wo seine Mutter in einer Apotheke arbeitete. Sein Vater beendete sein Studium, bevor er als Journalist zum Fernsehen ging. Nach der Scheidung der Eltern 2 Jahre nach Rudolfs Geburt schulte seine Mutter als Gymnasiallehrerin um und zog Christine und Rudolf alleine gro\u00df. Seine Schwester Christine ver\u00fcbte schon im Alter von","og_url":"http:\/\/www.rudolfmartin.de\/?page_id=5","og_site_name":"Official Rudolf Martin FanPage","article_modified_time":"2021-06-25T01:19:51+00:00","twitter_card":"summary_large_image","twitter_misc":{"Gesch\u00e4tzte Lesezeit":"5\u00a0Minuten"},"schema":{"@context":"https:\/\/schema.org","@graph":[{"@type":"WebPage","@id":"http:\/\/www.rudolfmartin.de\/?page_id=5","url":"http:\/\/www.rudolfmartin.de\/?page_id=5","name":"Biografie (de) - Official Rudolf Martin FanPage","isPartOf":{"@id":"http:\/\/www.rudolfmartin.de\/#website"},"datePublished":"2012-09-25T21:47:52+00:00","dateModified":"2021-06-25T01:19:51+00:00","breadcrumb":{"@id":"http:\/\/www.rudolfmartin.de\/?page_id=5#breadcrumb"},"inLanguage":"de","potentialAction":[{"@type":"ReadAction","target":["http:\/\/www.rudolfmartin.de\/?page_id=5"]}]},{"@type":"BreadcrumbList","@id":"http:\/\/www.rudolfmartin.de\/?page_id=5#breadcrumb","itemListElement":[{"@type":"ListItem","position":1,"name":"Startseite","item":"http:\/\/www.rudolfmartin.de\/"},{"@type":"ListItem","position":2,"name":"Biografie (de)"}]},{"@type":"WebSite","@id":"http:\/\/www.rudolfmartin.de\/#website","url":"http:\/\/www.rudolfmartin.de\/","name":"Official Rudolf Martin FanPage","description":"","potentialAction":[{"@type":"SearchAction","target":{"@type":"EntryPoint","urlTemplate":"http:\/\/www.rudolfmartin.de\/?s={search_term_string}"},"query-input":{"@type":"PropertyValueSpecification","valueRequired":true,"valueName":"search_term_string"}}],"inLanguage":"de"}]}},"_links":{"self":[{"href":"http:\/\/www.rudolfmartin.de\/index.php?rest_route=\/wp\/v2\/pages\/5"}],"collection":[{"href":"http:\/\/www.rudolfmartin.de\/index.php?rest_route=\/wp\/v2\/pages"}],"about":[{"href":"http:\/\/www.rudolfmartin.de\/index.php?rest_route=\/wp\/v2\/types\/page"}],"author":[{"embeddable":true,"href":"http:\/\/www.rudolfmartin.de\/index.php?rest_route=\/wp\/v2\/users\/1"}],"replies":[{"embeddable":true,"href":"http:\/\/www.rudolfmartin.de\/index.php?rest_route=%2Fwp%2Fv2%2Fcomments&post=5"}],"version-history":[{"count":15,"href":"http:\/\/www.rudolfmartin.de\/index.php?rest_route=\/wp\/v2\/pages\/5\/revisions"}],"predecessor-version":[{"id":1544,"href":"http:\/\/www.rudolfmartin.de\/index.php?rest_route=\/wp\/v2\/pages\/5\/revisions\/1544"}],"wp:attachment":[{"href":"http:\/\/www.rudolfmartin.de\/index.php?rest_route=%2Fwp%2Fv2%2Fmedia&parent=5"}],"curies":[{"name":"wp","href":"https:\/\/api.w.org\/{rel}","templated":true}]}}