{"id":448,"date":"2012-10-17T23:34:52","date_gmt":"2012-10-17T21:34:52","guid":{"rendered":"http:\/\/www.rudolfmartin.de\/wordpressORMFP\/?page_id=448"},"modified":"2012-10-17T23:44:23","modified_gmt":"2012-10-17T21:44:23","slug":"disclaimer","status":"publish","type":"page","link":"http:\/\/www.rudolfmartin.de\/?page_id=448","title":{"rendered":"Disclaimer"},"content":{"rendered":"<p style=\"text-align: justify;\"><span style=\"text-decoration: underline;\">Responsibility for Content<\/span><br \/>\nAs operator of these pages we are responsible for our own content under \u00a7 6 I MDStV and \u00a7 8 I TDG according to general laws. The contents of these pages are compiled with the greatest care. We do not, however, accept any responsibility for the accuracy, completeness or topicality of the contents.<\/p>\n<p><span style=\"text-decoration: underline;\">Responsibility for Links<\/span><br \/>\nOur offer includes links to external web sites. We have no influence on these content. Therefore we can not accept any responsibility for the content of these websites. In each case the operators of the linked pages are responsible for their contents. The linked pages were checked for possible legal irregularities at the time of the establishment of the link. A permanent check of the linked pages is not possible without specific indications. If we are told about illegal content, these links will be removed immediately.<\/p>\n<p><span style=\"text-decoration: underline;\">Copyright<\/span><br \/>\nThe published information on these pages are subject to the German Law of Copyright. The reproduction, editing, distribution and any kind of exploitation outside the limits of the copyright law requires the written agreement of the originator. Contents contributed by third parties are marked as such. Downloads and copies of these pages are permitted for private use only. The commercial use of our content without the agreement of the originator is illegal, also to set pictures from this site on other websites is forbidden.<\/p>\n<p>Source: disclaimer by eRecht24 \u2013 Internet Law<\/p>\n<p>&nbsp;<\/p>\n<p>&nbsp;<\/p>\n<p style=\"text-align: justify;\"><span style=\"text-decoration: underline;\">Haftung f\u00fcr Inhalte<\/span><br \/>\nDie Inhalte unserer Seiten wurden mit gr\u00f6\u00dfter Sorgfalt erstellt. F\u00fcr die Richtigkeit, Vollst\u00e4ndigkeit und Aktualit\u00e4t der Inhalte k\u00f6nnen wir jedoch keine Gew\u00e4hr \u00fcbernehmen.<\/p>\n<p>Als Diensteanbieter sind wir gem\u00e4\u00df \u00a7 6 Abs.1 MDStV und \u00a7 8 Abs.1 TDG f\u00fcr eigene Inhalte auf diesen Seiten nach den allgemeinen Gesetzen verantwortlich. Diensteanbieter sind jedoch nicht verpflichtet, die von ihnen \u00fcbermittelten oder gespeicherten fremden Informationen zu \u00fcberwachen oder nach Umst\u00e4nden zu forschen, die auf eine rechtswidrige T\u00e4tigkeit hinweisen. Verpflichtungen zur Entfernung oder Sperrung der Nutzung von Informationen nach den allgemeinen Gesetzen bleiben hiervon unber\u00fchrt. Eine diesbez\u00fcgliche Haftung ist jedoch erst ab dem Zeitpunkt der Kenntnis einer konkreten Rechtsverletzung m\u00f6glich. Bei bekannt werden von entsprechenden Rechtsverletzungen werden wir diese Inhalte umgehend entfernen.<\/p>\n<p><span style=\"text-decoration: underline;\">Haftung f\u00fcr Links<\/span><br \/>\nUnser Angebot enth\u00e4lt Links zu externen Webseiten Dritter, auf deren Inhalte wir keinen Einfluss haben. Deshalb k\u00f6nnen wir f\u00fcr diese fremden Inhalte auch keine Gew\u00e4hr \u00fcbernehmen. F\u00fcr die Inhalte der verlinkten Seiten ist stets der jeweilige Anbieter oder Betreiber der Seiten verantwortlich. Die verlinkten Seiten wurden zum Zeitpunkt der Verlinkung auf m\u00f6gliche Rechtsverst\u00f6\u00dfe \u00fcberpr\u00fcft. Rechtswidrige Inhalte waren zum Zeitpunkt der Verlinkung nicht erkennbar. Eine permanente inhaltliche Kontrolle der verlinkten Seiten ist jedoch ohne konkrete Anhaltspunkte einer Rechtsverletzung nicht zumutbar. Bei bekannt werden von Rechtsverletzungen werden wir derartige Links umgehend entfernen.<\/p>\n<p><span style=\"text-decoration: underline;\">Urheberrecht<\/span><br \/>\nDie Betreiber der Seiten sind bem\u00fcht, stets die Urheberrechte anderer zu beachten bzw. auf selbst erstellte sowie lizenzfreie Werke zur\u00fcckzugreifen.<\/p>\n<p>Die durch die Seitenbetreiber erstellten Inhalte und Werke auf diesen Seiten unterliegen dem deutschen Urheberrecht. Beitr\u00e4ge Dritter sind als solche gekennzeichnet. Die Vervielf\u00e4ltigung, Bearbeitung, Verbreitung und jede Art der Verwertung au\u00dferhalb der Grenzen des Urheberrechtes bed\u00fcrfen der schriftlichen Zustimmung des jeweiligen Autors bzw. Erstellers. Downloads und Kopien dieser Seite sind nur f\u00fcr den privaten, nicht kommerziellen Gebrauch gestattet. Eine Weiterverbreitung auf anderen Webseiten ist ausdr\u00fccklich verboten!<\/p>\n<p><span style=\"text-decoration: underline;\">Datenschutz<\/span><br \/>\nSoweit auf unseren Seiten personenbezogene Daten (beispielsweise Name, Anschrift oder eMail-Adressen) erhoben werden, erfolgt dies soweit m\u00f6glich stets auf freiwilliger Basis. Die Nutzung der Angebote und Dienste ist, soweit m\u00f6glich, stets ohne Angabe personenbezogener Daten m\u00f6glich.<\/p>\n<p>Der Nutzung von im Rahmen der Impressumspflicht ver\u00f6ffentlichten Kontaktdaten durch Dritte zur \u00dcbersendung von nicht ausdr\u00fccklich angeforderter Werbung und Informationsmaterialien wird hiermit ausdr\u00fccklich widersprochen. Die Betreiber der Seiten behalten sich ausdr\u00fccklich rechtliche Schritte im Falle der unverlangten Zusendung von Werbeinformationen, etwa durch Spam-Mails, vor.<\/p>\n<p>Quelle: Haftungsausschluss von eRecht24 &#8211; Portal zum Internetrecht<\/p>\n<p><span style=\"color: #ffffff; font-family: Verdana,Arial,Helvetica,sans-serif;\"><br style=\"color: #ffffff; font-family: Verdana,Arial,Helvetica,sans-serif;\" \/><\/span><\/p>\n","protected":false},"excerpt":{"rendered":"<p>Responsibility for Content As operator of these pages we are responsible for our own content under \u00a7 6 I MDStV and \u00a7 8 I TDG according to general laws. The contents of these pages are compiled with the greatest care. We do not, however, accept any responsibility for the accuracy, completeness or topicality of the contents. Responsibility for Links Our<\/p>\n","protected":false},"author":1,"featured_media":0,"parent":0,"menu_order":0,"comment_status":"closed","ping_status":"closed","template":"","meta":{"footnotes":""},"yoast_head":"<!-- This site is optimized with the Yoast SEO plugin v23.5 - https:\/\/yoast.com\/wordpress\/plugins\/seo\/ -->\n<title>Disclaimer - Official Rudolf Martin FanPage<\/title>\n<meta name=\"robots\" content=\"index, follow, max-snippet:-1, max-image-preview:large, max-video-preview:-1\" \/>\n<link rel=\"canonical\" href=\"http:\/\/www.rudolfmartin.de\/?page_id=448\" \/>\n<meta property=\"og:locale\" content=\"de_DE\" \/>\n<meta property=\"og:type\" content=\"article\" \/>\n<meta property=\"og:title\" content=\"Disclaimer - Official Rudolf Martin FanPage\" \/>\n<meta property=\"og:description\" content=\"Responsibility for Content As operator of these pages we are responsible for our own content under \u00a7 6 I MDStV and \u00a7 8 I TDG according to general laws. The contents of these pages are compiled with the greatest care. We do not, however, accept any responsibility for the accuracy, completeness or topicality of the contents. Responsibility for Links Our\" \/>\n<meta property=\"og:url\" content=\"http:\/\/www.rudolfmartin.de\/?page_id=448\" \/>\n<meta property=\"og:site_name\" content=\"Official Rudolf Martin FanPage\" \/>\n<meta property=\"article:modified_time\" content=\"2012-10-17T21:44:23+00:00\" \/>\n<meta name=\"twitter:card\" content=\"summary_large_image\" \/>\n<meta name=\"twitter:label1\" content=\"Gesch\u00e4tzte Lesezeit\" \/>\n\t<meta name=\"twitter:data1\" content=\"3\u00a0Minuten\" \/>\n<script type=\"application\/ld+json\" class=\"yoast-schema-graph\">{\"@context\":\"https:\/\/schema.org\",\"@graph\":[{\"@type\":\"WebPage\",\"@id\":\"http:\/\/www.rudolfmartin.de\/?page_id=448\",\"url\":\"http:\/\/www.rudolfmartin.de\/?page_id=448\",\"name\":\"Disclaimer - Official Rudolf Martin FanPage\",\"isPartOf\":{\"@id\":\"http:\/\/www.rudolfmartin.de\/#website\"},\"datePublished\":\"2012-10-17T21:34:52+00:00\",\"dateModified\":\"2012-10-17T21:44:23+00:00\",\"breadcrumb\":{\"@id\":\"http:\/\/www.rudolfmartin.de\/?page_id=448#breadcrumb\"},\"inLanguage\":\"de\",\"potentialAction\":[{\"@type\":\"ReadAction\",\"target\":[\"http:\/\/www.rudolfmartin.de\/?page_id=448\"]}]},{\"@type\":\"BreadcrumbList\",\"@id\":\"http:\/\/www.rudolfmartin.de\/?page_id=448#breadcrumb\",\"itemListElement\":[{\"@type\":\"ListItem\",\"position\":1,\"name\":\"Startseite\",\"item\":\"http:\/\/www.rudolfmartin.de\/\"},{\"@type\":\"ListItem\",\"position\":2,\"name\":\"Disclaimer\"}]},{\"@type\":\"WebSite\",\"@id\":\"http:\/\/www.rudolfmartin.de\/#website\",\"url\":\"http:\/\/www.rudolfmartin.de\/\",\"name\":\"Official Rudolf Martin FanPage\",\"description\":\"\",\"potentialAction\":[{\"@type\":\"SearchAction\",\"target\":{\"@type\":\"EntryPoint\",\"urlTemplate\":\"http:\/\/www.rudolfmartin.de\/?s={search_term_string}\"},\"query-input\":{\"@type\":\"PropertyValueSpecification\",\"valueRequired\":true,\"valueName\":\"search_term_string\"}}],\"inLanguage\":\"de\"}]}<\/script>\n<!-- \/ Yoast SEO plugin. -->","yoast_head_json":{"title":"Disclaimer - Official Rudolf Martin FanPage","robots":{"index":"index","follow":"follow","max-snippet":"max-snippet:-1","max-image-preview":"max-image-preview:large","max-video-preview":"max-video-preview:-1"},"canonical":"http:\/\/www.rudolfmartin.de\/?page_id=448","og_locale":"de_DE","og_type":"article","og_title":"Disclaimer - Official Rudolf Martin FanPage","og_description":"Responsibility for Content As operator of these pages we are responsible for our own content under \u00a7 6 I MDStV and \u00a7 8 I TDG according to general laws. The contents of these pages are compiled with the greatest care. We do not, however, accept any responsibility for the accuracy, completeness or topicality of the contents. Responsibility for Links Our","og_url":"http:\/\/www.rudolfmartin.de\/?page_id=448","og_site_name":"Official Rudolf Martin FanPage","article_modified_time":"2012-10-17T21:44:23+00:00","twitter_card":"summary_large_image","twitter_misc":{"Gesch\u00e4tzte Lesezeit":"3\u00a0Minuten"},"schema":{"@context":"https:\/\/schema.org","@graph":[{"@type":"WebPage","@id":"http:\/\/www.rudolfmartin.de\/?page_id=448","url":"http:\/\/www.rudolfmartin.de\/?page_id=448","name":"Disclaimer - Official Rudolf Martin FanPage","isPartOf":{"@id":"http:\/\/www.rudolfmartin.de\/#website"},"datePublished":"2012-10-17T21:34:52+00:00","dateModified":"2012-10-17T21:44:23+00:00","breadcrumb":{"@id":"http:\/\/www.rudolfmartin.de\/?page_id=448#breadcrumb"},"inLanguage":"de","potentialAction":[{"@type":"ReadAction","target":["http:\/\/www.rudolfmartin.de\/?page_id=448"]}]},{"@type":"BreadcrumbList","@id":"http:\/\/www.rudolfmartin.de\/?page_id=448#breadcrumb","itemListElement":[{"@type":"ListItem","position":1,"name":"Startseite","item":"http:\/\/www.rudolfmartin.de\/"},{"@type":"ListItem","position":2,"name":"Disclaimer"}]},{"@type":"WebSite","@id":"http:\/\/www.rudolfmartin.de\/#website","url":"http:\/\/www.rudolfmartin.de\/","name":"Official Rudolf Martin FanPage","description":"","potentialAction":[{"@type":"SearchAction","target":{"@type":"EntryPoint","urlTemplate":"http:\/\/www.rudolfmartin.de\/?s={search_term_string}"},"query-input":{"@type":"PropertyValueSpecification","valueRequired":true,"valueName":"search_term_string"}}],"inLanguage":"de"}]}},"_links":{"self":[{"href":"http:\/\/www.rudolfmartin.de\/index.php?rest_route=\/wp\/v2\/pages\/448"}],"collection":[{"href":"http:\/\/www.rudolfmartin.de\/index.php?rest_route=\/wp\/v2\/pages"}],"about":[{"href":"http:\/\/www.rudolfmartin.de\/index.php?rest_route=\/wp\/v2\/types\/page"}],"author":[{"embeddable":true,"href":"http:\/\/www.rudolfmartin.de\/index.php?rest_route=\/wp\/v2\/users\/1"}],"replies":[{"embeddable":true,"href":"http:\/\/www.rudolfmartin.de\/index.php?rest_route=%2Fwp%2Fv2%2Fcomments&post=448"}],"version-history":[{"count":3,"href":"http:\/\/www.rudolfmartin.de\/index.php?rest_route=\/wp\/v2\/pages\/448\/revisions"}],"predecessor-version":[{"id":458,"href":"http:\/\/www.rudolfmartin.de\/index.php?rest_route=\/wp\/v2\/pages\/448\/revisions\/458"}],"wp:attachment":[{"href":"http:\/\/www.rudolfmartin.de\/index.php?rest_route=%2Fwp%2Fv2%2Fmedia&parent=448"}],"curies":[{"name":"wp","href":"https:\/\/api.w.org\/{rel}","templated":true}]}}