{"id":414,"date":"2012-10-10T21:13:11","date_gmt":"2012-10-10T19:13:11","guid":{"rendered":"http:\/\/www.rudolfmartin.de\/wordpressORMFP\/?page_id=414"},"modified":"2021-07-28T19:18:01","modified_gmt":"2021-07-28T17:18:01","slug":"home-en","status":"publish","type":"page","link":"http:\/\/www.rudolfmartin.de\/","title":{"rendered":"Home"},"content":{"rendered":"<h5 style=\"text-align: left;\"><em>Welcome to the Official Rudolf Martin FanPage!<\/em><\/h5>\n<p>Nice that you&#8217;ve found your way to this Website.<\/p>\n<p>This site is meant to be a place where Rudolf Fans will learn about his new projects without forgetting earlier projects. Rudolf supports this FanPage and so you can find a lot of information about him at first hand from himself.<\/p>\n<p>The language here will be in English [en] as well as in German [de].<\/p>\n<p>If you like to meet and discuss with other Rudolf fans, please join the FB-Account and the instagram account (@officialrudolfmartinfanpage) of this FanPage. Rudolf is not very active on social media but reading and commenting there from time to time! \ud83d\ude42<\/p>\n<p>So, have fun! \ud83d\ude42<\/p>\n<p>Silke<\/p>\n<h5>Willkommen auf der Official Rudolf Martin FanPage<\/h5>\n<p>Sch\u00f6n, dass du den Weg zu dieser Webseite gefunden hast.<\/p>\n<p>Mit dieser Seite sollen Rudolf Fans immer \u00fcber seine aktuellen Projekte informiert werden, aber auch die schon etwas \u00e4lteren Projekte sollen hier nicht vergessen werden und Besuchern dieser Seite helfen, sich besser \u00fcber Rudolf Martin informieren zu k\u00f6nnen.<\/p>\n<p>Rudolf unterst\u00fctzt diese FanPage und so kannst du viele Information \u00fcber ihn aus erster Hand von ihm selber erfahren.<\/p>\n<p>Die Seite wird sowohl in Englisch [en] als auch in Deutsch [de] gef\u00fchrt.<\/p>\n<p>Falls du andere Fans treffen und mit ihnen diskutieren magst, folge doch auch dem FB Account oder Instagram Account (@officialrudolfmartinfanpage) dieser FanPage. Rudolf selber ist nicht sehr aktiv auf social media, aber liest und schreibt dort von Zeit zu Zeit! \ud83d\ude42<\/p>\n<p>Und nun: Viel Spass! \ud83d\ude42<\/p>\n<p>Silke<\/p>\n","protected":false},"excerpt":{"rendered":"<p>Welcome to the Official Rudolf Martin FanPage! Nice that you&#8217;ve found your way to this Website. This site is meant to be a place where Rudolf Fans will learn about his new projects without forgetting earlier projects. Rudolf supports this FanPage and so you can find a lot of information about him at first hand from himself. The language here<\/p>\n","protected":false},"author":1,"featured_media":0,"parent":0,"menu_order":0,"comment_status":"closed","ping_status":"closed","template":"","meta":{"footnotes":""},"yoast_head":"<!-- This site is optimized with the Yoast SEO plugin v23.5 - https:\/\/yoast.com\/wordpress\/plugins\/seo\/ -->\n<title>Home - Official Rudolf Martin FanPage<\/title>\n<meta name=\"robots\" content=\"index, follow, max-snippet:-1, max-image-preview:large, max-video-preview:-1\" \/>\n<link rel=\"canonical\" href=\"http:\/\/www.rudolfmartin.de\/\" \/>\n<meta property=\"og:locale\" content=\"de_DE\" \/>\n<meta property=\"og:type\" content=\"article\" \/>\n<meta property=\"og:title\" content=\"Home - Official Rudolf Martin FanPage\" \/>\n<meta property=\"og:description\" content=\"Welcome to the Official Rudolf Martin FanPage! Nice that you&#8217;ve found your way to this Website. This site is meant to be a place where Rudolf Fans will learn about his new projects without forgetting earlier projects. Rudolf supports this FanPage and so you can find a lot of information about him at first hand from himself. The language here\" \/>\n<meta property=\"og:url\" content=\"http:\/\/www.rudolfmartin.de\/\" \/>\n<meta property=\"og:site_name\" content=\"Official Rudolf Martin FanPage\" \/>\n<meta property=\"article:modified_time\" content=\"2021-07-28T17:18:01+00:00\" \/>\n<meta name=\"twitter:card\" content=\"summary_large_image\" \/>\n<meta name=\"twitter:label1\" content=\"Gesch\u00e4tzte Lesezeit\" \/>\n\t<meta name=\"twitter:data1\" content=\"1\u00a0Minute\" \/>\n<script type=\"application\/ld+json\" class=\"yoast-schema-graph\">{\"@context\":\"https:\/\/schema.org\",\"@graph\":[{\"@type\":\"WebPage\",\"@id\":\"http:\/\/www.rudolfmartin.de\/\",\"url\":\"http:\/\/www.rudolfmartin.de\/\",\"name\":\"Home - Official Rudolf Martin FanPage\",\"isPartOf\":{\"@id\":\"http:\/\/www.rudolfmartin.de\/#website\"},\"datePublished\":\"2012-10-10T19:13:11+00:00\",\"dateModified\":\"2021-07-28T17:18:01+00:00\",\"breadcrumb\":{\"@id\":\"http:\/\/www.rudolfmartin.de\/#breadcrumb\"},\"inLanguage\":\"de\",\"potentialAction\":[{\"@type\":\"ReadAction\",\"target\":[\"http:\/\/www.rudolfmartin.de\/\"]}]},{\"@type\":\"BreadcrumbList\",\"@id\":\"http:\/\/www.rudolfmartin.de\/#breadcrumb\",\"itemListElement\":[{\"@type\":\"ListItem\",\"position\":1,\"name\":\"Startseite\",\"item\":\"http:\/\/www.rudolfmartin.de\/\"},{\"@type\":\"ListItem\",\"position\":2,\"name\":\"Home\"}]},{\"@type\":\"WebSite\",\"@id\":\"http:\/\/www.rudolfmartin.de\/#website\",\"url\":\"http:\/\/www.rudolfmartin.de\/\",\"name\":\"Official Rudolf Martin FanPage\",\"description\":\"\",\"potentialAction\":[{\"@type\":\"SearchAction\",\"target\":{\"@type\":\"EntryPoint\",\"urlTemplate\":\"http:\/\/www.rudolfmartin.de\/?s={search_term_string}\"},\"query-input\":{\"@type\":\"PropertyValueSpecification\",\"valueRequired\":true,\"valueName\":\"search_term_string\"}}],\"inLanguage\":\"de\"}]}<\/script>\n<!-- \/ Yoast SEO plugin. -->","yoast_head_json":{"title":"Home - Official Rudolf Martin FanPage","robots":{"index":"index","follow":"follow","max-snippet":"max-snippet:-1","max-image-preview":"max-image-preview:large","max-video-preview":"max-video-preview:-1"},"canonical":"http:\/\/www.rudolfmartin.de\/","og_locale":"de_DE","og_type":"article","og_title":"Home - Official Rudolf Martin FanPage","og_description":"Welcome to the Official Rudolf Martin FanPage! Nice that you&#8217;ve found your way to this Website. This site is meant to be a place where Rudolf Fans will learn about his new projects without forgetting earlier projects. Rudolf supports this FanPage and so you can find a lot of information about him at first hand from himself. The language here","og_url":"http:\/\/www.rudolfmartin.de\/","og_site_name":"Official Rudolf Martin FanPage","article_modified_time":"2021-07-28T17:18:01+00:00","twitter_card":"summary_large_image","twitter_misc":{"Gesch\u00e4tzte Lesezeit":"1\u00a0Minute"},"schema":{"@context":"https:\/\/schema.org","@graph":[{"@type":"WebPage","@id":"http:\/\/www.rudolfmartin.de\/","url":"http:\/\/www.rudolfmartin.de\/","name":"Home - Official Rudolf Martin FanPage","isPartOf":{"@id":"http:\/\/www.rudolfmartin.de\/#website"},"datePublished":"2012-10-10T19:13:11+00:00","dateModified":"2021-07-28T17:18:01+00:00","breadcrumb":{"@id":"http:\/\/www.rudolfmartin.de\/#breadcrumb"},"inLanguage":"de","potentialAction":[{"@type":"ReadAction","target":["http:\/\/www.rudolfmartin.de\/"]}]},{"@type":"BreadcrumbList","@id":"http:\/\/www.rudolfmartin.de\/#breadcrumb","itemListElement":[{"@type":"ListItem","position":1,"name":"Startseite","item":"http:\/\/www.rudolfmartin.de\/"},{"@type":"ListItem","position":2,"name":"Home"}]},{"@type":"WebSite","@id":"http:\/\/www.rudolfmartin.de\/#website","url":"http:\/\/www.rudolfmartin.de\/","name":"Official Rudolf Martin FanPage","description":"","potentialAction":[{"@type":"SearchAction","target":{"@type":"EntryPoint","urlTemplate":"http:\/\/www.rudolfmartin.de\/?s={search_term_string}"},"query-input":{"@type":"PropertyValueSpecification","valueRequired":true,"valueName":"search_term_string"}}],"inLanguage":"de"}]}},"_links":{"self":[{"href":"http:\/\/www.rudolfmartin.de\/index.php?rest_route=\/wp\/v2\/pages\/414"}],"collection":[{"href":"http:\/\/www.rudolfmartin.de\/index.php?rest_route=\/wp\/v2\/pages"}],"about":[{"href":"http:\/\/www.rudolfmartin.de\/index.php?rest_route=\/wp\/v2\/types\/page"}],"author":[{"embeddable":true,"href":"http:\/\/www.rudolfmartin.de\/index.php?rest_route=\/wp\/v2\/users\/1"}],"replies":[{"embeddable":true,"href":"http:\/\/www.rudolfmartin.de\/index.php?rest_route=%2Fwp%2Fv2%2Fcomments&post=414"}],"version-history":[{"count":11,"href":"http:\/\/www.rudolfmartin.de\/index.php?rest_route=\/wp\/v2\/pages\/414\/revisions"}],"predecessor-version":[{"id":2307,"href":"http:\/\/www.rudolfmartin.de\/index.php?rest_route=\/wp\/v2\/pages\/414\/revisions\/2307"}],"wp:attachment":[{"href":"http:\/\/www.rudolfmartin.de\/index.php?rest_route=%2Fwp%2Fv2%2Fmedia&parent=414"}],"curies":[{"name":"wp","href":"https:\/\/api.w.org\/{rel}","templated":true}]}}